{"id":1107,"date":"2018-06-05T17:16:52","date_gmt":"2018-06-05T21:16:52","guid":{"rendered":"http:\/\/gadelcabo.gob.ec\/azuay\/?page_id=1107"},"modified":"2019-04-24T17:37:52","modified_gmt":"2019-04-24T21:37:52","slug":"rendicion-de-cuentas-2018","status":"publish","type":"page","link":"https:\/\/gadelcabo.gob.ec\/azuay\/rendicion-de-cuentas-2018\/","title":{"rendered":"Rendici\u00f3n de Cuentas 2018"},"content":{"rendered":"<p><a href=\"http:\/\/gadelcabo.gob.ec\/azuay\/wp-content\/uploads\/2019\/02\/Convocatoria-al-miembro-del-consejo-de-planificacion.pdf\">Convocatoria al miembro del consejo de planificaci\u00f3n<\/a><\/p>\n<p><a href=\"http:\/\/gadelcabo.gob.ec\/azuay\/wp-content\/uploads\/2019\/04\/Aprobacion-de-informe-final.pdf\">Aprobaci\u00f3n de informe final<\/a><\/p>\n<p><a href=\"http:\/\/gadelcabo.gob.ec\/azuay\/wp-content\/uploads\/2019\/02\/Convocatoria-para-la-primera-reunion.pdf\">Convocatoria para la primera reuni\u00f3n<\/a><\/p>\n<p><a href=\"http:\/\/gadelcabo.gob.ec\/azuay\/wp-content\/uploads\/2019\/02\/Convocatoria-a-Directivas-de-las-Juntas-Promejoras-para-la-Rendicion-de-Cuentas.pdf\">Convocatoria a Directivas de las Juntas Promejoras para la Rendici\u00f3n de Cuentas<\/a><\/p>\n<p><a href=\"http:\/\/gadelcabo.gob.ec\/azuay\/wp-content\/uploads\/2019\/02\/Hoja-de-Ruta-Fases-Rendicion-de-Cuentas.pdf\">Hoja de Ruta Fases Rendici\u00f3n de Cuentas<\/a><\/p>\n<p><a href=\"http:\/\/gadelcabo.gob.ec\/azuay\/wp-content\/uploads\/2019\/02\/Reporte-1-de-Rendicion-de-Cuentas-2018.pdf\">Reporte # 1 de Rendici\u00f3n de Cuentas 2018<\/a><\/p>\n<p><a href=\"http:\/\/gadelcabo.gob.ec\/azuay\/wp-content\/uploads\/2019\/02\/Registro-de-Asistencia-de-Participacion-a-la-Rendicion-de-Cuentas-2018.pdf\">Registro de Asistencia de Participaci\u00f3n a la Rendici\u00f3n de Cuentas 2018<\/a><\/p>\n<p><a href=\"http:\/\/gadelcabo.gob.ec\/azuay\/wp-content\/uploads\/2019\/02\/Cedula-Presupuestaria-de-Gastos.pdf\">Cedula Presupuestaria de Gastos<\/a><\/p>\n<p><a href=\"http:\/\/gadelcabo.gob.ec\/azuay\/wp-content\/uploads\/2018\/06\/Preguntas-realizadas-por-la-ciudadania.pdf\">Preguntas realizadas por la ciudadan\u00eda<\/a><\/p>\n<p><a href=\"http:\/\/gadelcabo.gob.ec\/azuay\/wp-content\/uploads\/2018\/06\/Lectura-de-las-respuestas-realizadas-por-la-ciudadania.pdf\">Lectura de las respuestas realizadas por la ciudadan\u00eda<\/a><\/p>\n<p><a href=\"http:\/\/gadelcabo.gob.ec\/azuay\/wp-content\/uploads\/2018\/06\/Acta-Entrega-Recepcion-de-documentos-para-la-Rendicion-de-Cuentas.pdf\">Acta Entrega-Recepci\u00f3n de documentos para la Rendici\u00f3n de Cuentas<\/a><\/p>\n<p><a href=\"http:\/\/gadelcabo.gob.ec\/azuay\/wp-content\/uploads\/2018\/06\/Acta-de-Sesion-de-Asamblea-General.pdf\">Acta de Sesi\u00f3n de Asamblea General<\/a><\/p>\n<p>&nbsp;<\/p>\n<p>&nbsp;<\/p>\n<p>&nbsp;<\/p>\n<p>&nbsp;<\/p>\n<p>&nbsp;<\/p>\n<p>&nbsp;<\/p>\n","protected":false},"excerpt":{"rendered":"<p>Convocatoria al miembro del consejo de planificaci\u00f3n Aprobaci\u00f3n de informe final Convocatoria para la primera reuni\u00f3n Convocatoria a Directivas de las Juntas Promejoras para la Rendici\u00f3n de Cuentas Hoja de Ruta Fases Rendici\u00f3n de Cuentas Reporte # 1 de Rendici\u00f3n de Cuentas 2018 Registro de Asistencia de Participaci\u00f3n a la Rendici\u00f3n de Cuentas 2018 Cedula [&hellip;]<\/p>\n","protected":false},"author":6,"featured_media":0,"parent":0,"menu_order":0,"comment_status":"closed","ping_status":"closed","template":"","meta":{"footnotes":""},"class_list":["post-1107","page","type-page","status-publish","hentry"],"yoast_head":"<!-- This site is optimized with the Yoast SEO plugin v24.1 - https:\/\/yoast.com\/wordpress\/plugins\/seo\/ -->\n<title>Rendici\u00f3n de Cuentas 2018 - GAD parroquial El Cabo<\/title>\n<meta name=\"robots\" content=\"index, follow, max-snippet:-1, max-image-preview:large, max-video-preview:-1\" \/>\n<link rel=\"canonical\" href=\"https:\/\/gadelcabo.gob.ec\/azuay\/rendicion-de-cuentas-2018\/\" \/>\n<meta property=\"og:locale\" content=\"es_ES\" \/>\n<meta property=\"og:type\" content=\"article\" \/>\n<meta property=\"og:title\" content=\"Rendici\u00f3n de Cuentas 2018 - GAD parroquial El Cabo\" \/>\n<meta property=\"og:description\" content=\"Convocatoria al miembro del consejo de planificaci\u00f3n Aprobaci\u00f3n de informe final Convocatoria para la primera reuni\u00f3n Convocatoria a Directivas de las Juntas Promejoras para la Rendici\u00f3n de Cuentas Hoja de Ruta Fases Rendici\u00f3n de Cuentas Reporte # 1 de Rendici\u00f3n de Cuentas 2018 Registro de Asistencia de Participaci\u00f3n a la Rendici\u00f3n de Cuentas 2018 Cedula [&hellip;]\" \/>\n<meta property=\"og:url\" content=\"https:\/\/gadelcabo.gob.ec\/azuay\/rendicion-de-cuentas-2018\/\" \/>\n<meta property=\"og:site_name\" content=\"GAD parroquial El Cabo\" \/>\n<meta property=\"article:modified_time\" content=\"2019-04-24T21:37:52+00:00\" \/>\n<meta name=\"twitter:card\" content=\"summary_large_image\" \/>\n<meta name=\"twitter:label1\" content=\"Tiempo de lectura\" \/>\n\t<meta name=\"twitter:data1\" content=\"1 minuto\" \/>\n<script type=\"application\/ld+json\" class=\"yoast-schema-graph\">{\"@context\":\"https:\/\/schema.org\",\"@graph\":[{\"@type\":\"WebPage\",\"@id\":\"https:\/\/gadelcabo.gob.ec\/azuay\/rendicion-de-cuentas-2018\/\",\"url\":\"https:\/\/gadelcabo.gob.ec\/azuay\/rendicion-de-cuentas-2018\/\",\"name\":\"Rendici\u00f3n de Cuentas 2018 - GAD parroquial El Cabo\",\"isPartOf\":{\"@id\":\"https:\/\/gadelcabo.gob.ec\/azuay\/#website\"},\"datePublished\":\"2018-06-05T21:16:52+00:00\",\"dateModified\":\"2019-04-24T21:37:52+00:00\",\"breadcrumb\":{\"@id\":\"https:\/\/gadelcabo.gob.ec\/azuay\/rendicion-de-cuentas-2018\/#breadcrumb\"},\"inLanguage\":\"es\",\"potentialAction\":[{\"@type\":\"ReadAction\",\"target\":[\"https:\/\/gadelcabo.gob.ec\/azuay\/rendicion-de-cuentas-2018\/\"]}]},{\"@type\":\"BreadcrumbList\",\"@id\":\"https:\/\/gadelcabo.gob.ec\/azuay\/rendicion-de-cuentas-2018\/#breadcrumb\",\"itemListElement\":[{\"@type\":\"ListItem\",\"position\":1,\"name\":\"Portada\",\"item\":\"https:\/\/gadelcabo.gob.ec\/azuay\/\"},{\"@type\":\"ListItem\",\"position\":2,\"name\":\"Rendici\u00f3n de Cuentas 2018\"}]},{\"@type\":\"WebSite\",\"@id\":\"https:\/\/gadelcabo.gob.ec\/azuay\/#website\",\"url\":\"https:\/\/gadelcabo.gob.ec\/azuay\/\",\"name\":\"GAD parroquial El Cabo\",\"description\":\"Sitio Oficial del GAD Parroquial El Cabo Azuay\",\"publisher\":{\"@id\":\"https:\/\/gadelcabo.gob.ec\/azuay\/#organization\"},\"potentialAction\":[{\"@type\":\"SearchAction\",\"target\":{\"@type\":\"EntryPoint\",\"urlTemplate\":\"https:\/\/gadelcabo.gob.ec\/azuay\/?s={search_term_string}\"},\"query-input\":{\"@type\":\"PropertyValueSpecification\",\"valueRequired\":true,\"valueName\":\"search_term_string\"}}],\"inLanguage\":\"es\"},{\"@type\":\"Organization\",\"@id\":\"https:\/\/gadelcabo.gob.ec\/azuay\/#organization\",\"name\":\"GAD parroquial de El Cabo\",\"url\":\"https:\/\/gadelcabo.gob.ec\/azuay\/\",\"logo\":{\"@type\":\"ImageObject\",\"inLanguage\":\"es\",\"@id\":\"https:\/\/gadelcabo.gob.ec\/azuay\/#\/schema\/logo\/image\/\",\"url\":\"https:\/\/gadelcabo.gob.ec\/azuay\/wp-content\/uploads\/2020\/06\/logoFooter.png\",\"contentUrl\":\"https:\/\/gadelcabo.gob.ec\/azuay\/wp-content\/uploads\/2020\/06\/logoFooter.png\",\"width\":200,\"height\":150,\"caption\":\"GAD parroquial de El Cabo\"},\"image\":{\"@id\":\"https:\/\/gadelcabo.gob.ec\/azuay\/#\/schema\/logo\/image\/\"}}]}<\/script>\n<!-- \/ Yoast SEO plugin. -->","yoast_head_json":{"title":"Rendici\u00f3n de Cuentas 2018 - GAD parroquial El Cabo","robots":{"index":"index","follow":"follow","max-snippet":"max-snippet:-1","max-image-preview":"max-image-preview:large","max-video-preview":"max-video-preview:-1"},"canonical":"https:\/\/gadelcabo.gob.ec\/azuay\/rendicion-de-cuentas-2018\/","og_locale":"es_ES","og_type":"article","og_title":"Rendici\u00f3n de Cuentas 2018 - GAD parroquial El Cabo","og_description":"Convocatoria al miembro del consejo de planificaci\u00f3n Aprobaci\u00f3n de informe final Convocatoria para la primera reuni\u00f3n Convocatoria a Directivas de las Juntas Promejoras para la Rendici\u00f3n de Cuentas Hoja de Ruta Fases Rendici\u00f3n de Cuentas Reporte # 1 de Rendici\u00f3n de Cuentas 2018 Registro de Asistencia de Participaci\u00f3n a la Rendici\u00f3n de Cuentas 2018 Cedula [&hellip;]","og_url":"https:\/\/gadelcabo.gob.ec\/azuay\/rendicion-de-cuentas-2018\/","og_site_name":"GAD parroquial El Cabo","article_modified_time":"2019-04-24T21:37:52+00:00","twitter_card":"summary_large_image","twitter_misc":{"Tiempo de lectura":"1 minuto"},"schema":{"@context":"https:\/\/schema.org","@graph":[{"@type":"WebPage","@id":"https:\/\/gadelcabo.gob.ec\/azuay\/rendicion-de-cuentas-2018\/","url":"https:\/\/gadelcabo.gob.ec\/azuay\/rendicion-de-cuentas-2018\/","name":"Rendici\u00f3n de Cuentas 2018 - GAD parroquial El Cabo","isPartOf":{"@id":"https:\/\/gadelcabo.gob.ec\/azuay\/#website"},"datePublished":"2018-06-05T21:16:52+00:00","dateModified":"2019-04-24T21:37:52+00:00","breadcrumb":{"@id":"https:\/\/gadelcabo.gob.ec\/azuay\/rendicion-de-cuentas-2018\/#breadcrumb"},"inLanguage":"es","potentialAction":[{"@type":"ReadAction","target":["https:\/\/gadelcabo.gob.ec\/azuay\/rendicion-de-cuentas-2018\/"]}]},{"@type":"BreadcrumbList","@id":"https:\/\/gadelcabo.gob.ec\/azuay\/rendicion-de-cuentas-2018\/#breadcrumb","itemListElement":[{"@type":"ListItem","position":1,"name":"Portada","item":"https:\/\/gadelcabo.gob.ec\/azuay\/"},{"@type":"ListItem","position":2,"name":"Rendici\u00f3n de Cuentas 2018"}]},{"@type":"WebSite","@id":"https:\/\/gadelcabo.gob.ec\/azuay\/#website","url":"https:\/\/gadelcabo.gob.ec\/azuay\/","name":"GAD parroquial El Cabo","description":"Sitio Oficial del GAD Parroquial El Cabo Azuay","publisher":{"@id":"https:\/\/gadelcabo.gob.ec\/azuay\/#organization"},"potentialAction":[{"@type":"SearchAction","target":{"@type":"EntryPoint","urlTemplate":"https:\/\/gadelcabo.gob.ec\/azuay\/?s={search_term_string}"},"query-input":{"@type":"PropertyValueSpecification","valueRequired":true,"valueName":"search_term_string"}}],"inLanguage":"es"},{"@type":"Organization","@id":"https:\/\/gadelcabo.gob.ec\/azuay\/#organization","name":"GAD parroquial de El Cabo","url":"https:\/\/gadelcabo.gob.ec\/azuay\/","logo":{"@type":"ImageObject","inLanguage":"es","@id":"https:\/\/gadelcabo.gob.ec\/azuay\/#\/schema\/logo\/image\/","url":"https:\/\/gadelcabo.gob.ec\/azuay\/wp-content\/uploads\/2020\/06\/logoFooter.png","contentUrl":"https:\/\/gadelcabo.gob.ec\/azuay\/wp-content\/uploads\/2020\/06\/logoFooter.png","width":200,"height":150,"caption":"GAD parroquial de El Cabo"},"image":{"@id":"https:\/\/gadelcabo.gob.ec\/azuay\/#\/schema\/logo\/image\/"}}]}},"_links":{"self":[{"href":"https:\/\/gadelcabo.gob.ec\/azuay\/wp-json\/wp\/v2\/pages\/1107","targetHints":{"allow":["GET"]}}],"collection":[{"href":"https:\/\/gadelcabo.gob.ec\/azuay\/wp-json\/wp\/v2\/pages"}],"about":[{"href":"https:\/\/gadelcabo.gob.ec\/azuay\/wp-json\/wp\/v2\/types\/page"}],"author":[{"embeddable":true,"href":"https:\/\/gadelcabo.gob.ec\/azuay\/wp-json\/wp\/v2\/users\/6"}],"replies":[{"embeddable":true,"href":"https:\/\/gadelcabo.gob.ec\/azuay\/wp-json\/wp\/v2\/comments?post=1107"}],"version-history":[{"count":14,"href":"https:\/\/gadelcabo.gob.ec\/azuay\/wp-json\/wp\/v2\/pages\/1107\/revisions"}],"predecessor-version":[{"id":1192,"href":"https:\/\/gadelcabo.gob.ec\/azuay\/wp-json\/wp\/v2\/pages\/1107\/revisions\/1192"}],"wp:attachment":[{"href":"https:\/\/gadelcabo.gob.ec\/azuay\/wp-json\/wp\/v2\/media?parent=1107"}],"curies":[{"name":"wp","href":"https:\/\/api.w.org\/{rel}","templated":true}]}}