{"id":1730,"date":"2021-01-05T11:26:10","date_gmt":"2021-01-05T15:26:10","guid":{"rendered":"https:\/\/gadelcabo.gob.ec\/azuay\/?page_id=1730"},"modified":"2022-05-31T12:47:47","modified_gmt":"2022-05-31T16:47:47","slug":"rendicion-de-cuentas-2021","status":"publish","type":"page","link":"https:\/\/gadelcabo.gob.ec\/azuay\/rendicion-de-cuentas-2021\/","title":{"rendered":"Rendici\u00f3n de Cuentas 2021"},"content":{"rendered":"<blockquote>\n<p style=\"text-align: center;\"><strong>INFORME CORRESPONDIENE AL PROCESO DE RENDICI\u00d3N DE CUENTAS DEL PER\u00cdODO FISCAL ENERO-DICIEMBRE 2021 DEL GAD PARROQUIAL DE EL CABO<\/strong><\/p>\n<ul>\n<li><strong>Conformaci\u00f3n del Equipo Mixto<\/strong><\/li>\n<\/ul>\n<p><a href=\"https:\/\/gadelcabo.gob.ec\/azuay\/wp-content\/uploads\/2022\/05\/Confirmacion-equipo-mixto.pdf\">Confirmaci\u00f3n equipo mixto<\/a><\/p>\n<ul>\n<li><strong>Designaci\u00f3n de profesional para el\u00a0 proceso Rendici\u00f3n de Cuentas 2021<\/strong><\/li>\n<\/ul>\n<p><a href=\"https:\/\/gadelcabo.gob.ec\/azuay\/wp-content\/uploads\/2022\/05\/Designacion-Rendicion-de-Cuentas.pdf\">Designaci\u00f3n Rendici\u00f3n de Cuentas<\/a><\/p>\n<ul>\n<li><strong>Presupuesto Institucional 2021<\/strong><\/li>\n<\/ul>\n<p><a href=\"https:\/\/gadelcabo.gob.ec\/azuay\/wp-content\/uploads\/2022\/05\/Presupuesto-inicial-2021.pdf\">Presupuesto inicial 2021<\/a><\/p>\n<ul>\n<li><strong>Fase 1 Rendici\u00f3n de Cuentas<\/strong><\/li>\n<\/ul>\n<p><a href=\"https:\/\/gadelcabo.gob.ec\/azuay\/wp-content\/uploads\/2022\/05\/Fase-1-Rendicion-de-Cuentas.pdf\">Fase 1 Rendici\u00f3n de Cuentas<\/a><\/p>\n<ul>\n<li><strong>Registro de Asistencia Fase 1<\/strong><\/li>\n<\/ul>\n<p><a href=\"https:\/\/gadelcabo.gob.ec\/azuay\/wp-content\/uploads\/2022\/05\/Registro-Asistencia-Primera-Fase.pdf\">Registro Asistencia<\/a><\/p>\n<ul>\n<li><strong>Preguntas por parte de la ciudadan\u00eda<\/strong><\/li>\n<\/ul>\n<p><a href=\"https:\/\/gadelcabo.gob.ec\/azuay\/wp-content\/uploads\/2022\/05\/Preguntas-ciudadania.pdf\">Preguntas ciudadan\u00eda<\/a><\/p>\n<ul>\n<li><strong>Entrega de preguntas por parte del Consejo de Planificaciones<\/strong><\/li>\n<\/ul>\n<p><a href=\"https:\/\/gadelcabo.gob.ec\/azuay\/wp-content\/uploads\/2022\/05\/Entrega-preguntas-Concejo-de-Planificacion.pdf\">Entrega preguntas Concejo de Planificaci\u00f3n<\/a><\/p>\n<ul>\n<li><strong>Invitaci\u00f3n para deliberaci\u00f3n p\u00fablica de Rendici\u00f3n de Cuentas 2021<\/strong><\/li>\n<\/ul>\n<p><a href=\"https:\/\/gadelcabo.gob.ec\/azuay\/wp-content\/uploads\/2022\/05\/279262705_1979897292202429_1369532072649931981_n.jpg\"><img loading=\"lazy\" decoding=\"async\" class=\"alignnone wp-image-1930\" src=\"https:\/\/gadelcabo.gob.ec\/azuay\/wp-content\/uploads\/2022\/05\/279262705_1979897292202429_1369532072649931981_n.jpg\" alt=\"\" width=\"546\" height=\"487\" srcset=\"https:\/\/gadelcabo.gob.ec\/azuay\/wp-content\/uploads\/2022\/05\/279262705_1979897292202429_1369532072649931981_n.jpg 862w, https:\/\/gadelcabo.gob.ec\/azuay\/wp-content\/uploads\/2022\/05\/279262705_1979897292202429_1369532072649931981_n-550x491.jpg 550w, https:\/\/gadelcabo.gob.ec\/azuay\/wp-content\/uploads\/2022\/05\/279262705_1979897292202429_1369532072649931981_n-768x686.jpg 768w\" sizes=\"auto, (max-width: 546px) 100vw, 546px\" \/><\/a><\/p>\n<p>https:\/\/www.facebook.com\/photo\/?fbid=319795476951121&#038;set=a.210217407908929<\/p>\n<ul>\n<li><strong>C\u00e9dulas Presupuestarias 2021 por proyecto<\/strong><\/li>\n<\/ul>\n<p><a href=\"https:\/\/gadelcabo.gob.ec\/azuay\/wp-content\/uploads\/2022\/05\/Cedula-construccion-de-diferentes-obras.pdf\">Cedula construcci\u00f3n de diferentes obras<\/a><\/p>\n<p><a href=\"https:\/\/gadelcabo.gob.ec\/azuay\/wp-content\/uploads\/2022\/05\/Cedula-espacios-publicos.pdf\">Cedula espacios p\u00fablicos<\/a><\/p>\n<p><a href=\"https:\/\/gadelcabo.gob.ec\/azuay\/wp-content\/uploads\/2022\/05\/Cedula-fomento-de-actividades-productivas.pdf\">Cedula fomento de actividades productivas<\/a><\/p>\n<p><a href=\"https:\/\/gadelcabo.gob.ec\/azuay\/wp-content\/uploads\/2022\/05\/Cedula-Fortalecimiento-al-Grupo-vulnerable.pdf\">Cedula Fortalecimiento al Grupo vulnerable<\/a><\/p>\n<p><a href=\"https:\/\/gadelcabo.gob.ec\/azuay\/wp-content\/uploads\/2022\/05\/Cedula-Fortlaecimiento-Institucional.pdf\">Cedula Fortlaecimiento Institucional<\/a><\/p>\n<p><a href=\"https:\/\/gadelcabo.gob.ec\/azuay\/wp-content\/uploads\/2022\/05\/Cedula-mejoramiento-vial.pdf\">Cedula mejoramiento vial<\/a><\/p>\n<p><a href=\"https:\/\/gadelcabo.gob.ec\/azuay\/wp-content\/uploads\/2022\/05\/Cedula-rescate-de-patrimonio-cultural.pdf\">Cedula rescate de patrimonio cultural<\/a><\/p>\n<p><a href=\"https:\/\/gadelcabo.gob.ec\/azuay\/wp-content\/uploads\/2022\/05\/Cedula-tecnologia-de-la-informacion.pdf\">Cedula tecnologia de la informaci\u00f3n<\/a><\/p>\n<p><a href=\"https:\/\/gadelcabo.gob.ec\/azuay\/wp-content\/uploads\/2022\/05\/Cedulas-presupuestarias-por-proyecto.pdf\">Cedulas presupuestarias por proyecto<\/a><\/p>\n<ul>\n<li><strong>Respuestas a las preguntas de la ciudadan\u00eda<\/strong><\/li>\n<\/ul>\n<p><a href=\"https:\/\/gadelcabo.gob.ec\/azuay\/wp-content\/uploads\/2022\/05\/Preguntas-y-respuestas.pdf\">Respuestas a las preguntas realizadas por la ciudadan\u00eda<\/a><\/p>\n<ul>\n<li><strong>Deliberaci\u00f3n p\u00fablica RENDICI\u00d3N DE CUENTAS 2021<\/strong><\/li>\n<\/ul>\n<p><a href=\"https:\/\/gadelcabo.gob.ec\/azuay\/wp-content\/uploads\/2022\/05\/VIDEO-RENDICION.jpg\"><img loading=\"lazy\" decoding=\"async\" class=\"alignnone size-full wp-image-1947\" src=\"https:\/\/gadelcabo.gob.ec\/azuay\/wp-content\/uploads\/2022\/05\/VIDEO-RENDICION.jpg\" alt=\"\" width=\"590\" height=\"421\" srcset=\"https:\/\/gadelcabo.gob.ec\/azuay\/wp-content\/uploads\/2022\/05\/VIDEO-RENDICION.jpg 590w, https:\/\/gadelcabo.gob.ec\/azuay\/wp-content\/uploads\/2022\/05\/VIDEO-RENDICION-550x392.jpg 550w\" sizes=\"auto, (max-width: 590px) 100vw, 590px\" \/><\/a><\/p>\n<p>https:\/\/www.facebook.com\/gadparroquialelcabo\/videos\/379195697459302<\/p>\n<p><a href=\"https:\/\/gadelcabo.gob.ec\/azuay\/wp-content\/uploads\/2022\/05\/Diapositivas-Rendicion-de-Cuentas-El-Cabo.pdf\">Diapositivas Rendici\u00f3n de Cuentas El Cabo<\/a><\/p>\n<ul>\n<li><strong>PROYECTOS POR COMPONENTES<\/strong><\/li>\n<\/ul>\n<p><a href=\"https:\/\/gadelcabo.gob.ec\/azuay\/wp-content\/uploads\/2022\/05\/Construccion-de-diferentes-obras.pdf\">Construcci\u00f3n de diferentes obras<\/a><\/p>\n<p><a href=\"https:\/\/gadelcabo.gob.ec\/azuay\/wp-content\/uploads\/2022\/05\/Fomento-de-actividades-productivas.pdf\">Fomento de actividades productivas<\/a><\/p>\n<p><a href=\"https:\/\/gadelcabo.gob.ec\/azuay\/wp-content\/uploads\/2022\/05\/Fortalecimiento-al-grupo-vulnerable-de-la-parroquia.pdf\">Fortalecimiento al grupo vulnerable de la parroquia<\/a><\/p>\n<p><a href=\"https:\/\/gadelcabo.gob.ec\/azuay\/wp-content\/uploads\/2022\/05\/Mejoramiento-Vial-de-la-parroquia.pdf\">Mejoramiento Vial de la parroquia<\/a><\/p>\n<p><a href=\"https:\/\/gadelcabo.gob.ec\/azuay\/wp-content\/uploads\/2022\/05\/Rescate-al-patrimonio-y-turismo.pdf\">Rescate al patrimonio y turismo<\/a><\/p>\n<p><a href=\"https:\/\/gadelcabo.gob.ec\/azuay\/wp-content\/uploads\/2022\/05\/Tecnologias-de-la-informacion.pdf\">Tecnologias de la informaci\u00f3n<\/a><\/p><\/blockquote>\n","protected":false},"excerpt":{"rendered":"<p>INFORME CORRESPONDIENE AL PROCESO DE RENDICI\u00d3N DE CUENTAS DEL PER\u00cdODO FISCAL ENERO-DICIEMBRE 2021 DEL GAD PARROQUIAL DE EL CABO Conformaci\u00f3n del Equipo Mixto Confirmaci\u00f3n equipo mixto Designaci\u00f3n de profesional para el\u00a0 proceso Rendici\u00f3n de Cuentas 2021 Designaci\u00f3n Rendici\u00f3n de Cuentas Presupuesto Institucional 2021 Presupuesto inicial 2021 Fase 1 Rendici\u00f3n de Cuentas Fase 1 Rendici\u00f3n de [&hellip;]<\/p>\n","protected":false},"author":6,"featured_media":0,"parent":0,"menu_order":0,"comment_status":"closed","ping_status":"closed","template":"","meta":{"footnotes":""},"class_list":["post-1730","page","type-page","status-publish","hentry"],"yoast_head":"<!-- This site is optimized with the Yoast SEO plugin v24.1 - https:\/\/yoast.com\/wordpress\/plugins\/seo\/ -->\n<title>Rendici\u00f3n de Cuentas 2021 - GAD parroquial El Cabo<\/title>\n<meta name=\"robots\" content=\"index, follow, max-snippet:-1, max-image-preview:large, max-video-preview:-1\" \/>\n<link rel=\"canonical\" href=\"https:\/\/gadelcabo.gob.ec\/azuay\/rendicion-de-cuentas-2021\/\" \/>\n<meta property=\"og:locale\" content=\"es_ES\" \/>\n<meta property=\"og:type\" content=\"article\" \/>\n<meta property=\"og:title\" content=\"Rendici\u00f3n de Cuentas 2021 - GAD parroquial El Cabo\" \/>\n<meta property=\"og:description\" content=\"INFORME CORRESPONDIENE AL PROCESO DE RENDICI\u00d3N DE CUENTAS DEL PER\u00cdODO FISCAL ENERO-DICIEMBRE 2021 DEL GAD PARROQUIAL DE EL CABO Conformaci\u00f3n del Equipo Mixto Confirmaci\u00f3n equipo mixto Designaci\u00f3n de profesional para el\u00a0 proceso Rendici\u00f3n de Cuentas 2021 Designaci\u00f3n Rendici\u00f3n de Cuentas Presupuesto Institucional 2021 Presupuesto inicial 2021 Fase 1 Rendici\u00f3n de Cuentas Fase 1 Rendici\u00f3n de [&hellip;]\" \/>\n<meta property=\"og:url\" content=\"https:\/\/gadelcabo.gob.ec\/azuay\/rendicion-de-cuentas-2021\/\" \/>\n<meta property=\"og:site_name\" content=\"GAD parroquial El Cabo\" \/>\n<meta property=\"article:modified_time\" content=\"2022-05-31T16:47:47+00:00\" \/>\n<meta property=\"og:image\" content=\"https:\/\/gadelcabo.gob.ec\/azuay\/wp-content\/uploads\/2022\/05\/279262705_1979897292202429_1369532072649931981_n.jpg\" \/>\n<meta name=\"twitter:card\" content=\"summary_large_image\" \/>\n<meta name=\"twitter:label1\" content=\"Tiempo de lectura\" \/>\n\t<meta name=\"twitter:data1\" content=\"2 minutos\" \/>\n<script type=\"application\/ld+json\" class=\"yoast-schema-graph\">{\"@context\":\"https:\/\/schema.org\",\"@graph\":[{\"@type\":\"WebPage\",\"@id\":\"https:\/\/gadelcabo.gob.ec\/azuay\/rendicion-de-cuentas-2021\/\",\"url\":\"https:\/\/gadelcabo.gob.ec\/azuay\/rendicion-de-cuentas-2021\/\",\"name\":\"Rendici\u00f3n de Cuentas 2021 - GAD parroquial El Cabo\",\"isPartOf\":{\"@id\":\"https:\/\/gadelcabo.gob.ec\/azuay\/#website\"},\"primaryImageOfPage\":{\"@id\":\"https:\/\/gadelcabo.gob.ec\/azuay\/rendicion-de-cuentas-2021\/#primaryimage\"},\"image\":{\"@id\":\"https:\/\/gadelcabo.gob.ec\/azuay\/rendicion-de-cuentas-2021\/#primaryimage\"},\"thumbnailUrl\":\"https:\/\/gadelcabo.gob.ec\/azuay\/wp-content\/uploads\/2022\/05\/279262705_1979897292202429_1369532072649931981_n.jpg\",\"datePublished\":\"2021-01-05T15:26:10+00:00\",\"dateModified\":\"2022-05-31T16:47:47+00:00\",\"breadcrumb\":{\"@id\":\"https:\/\/gadelcabo.gob.ec\/azuay\/rendicion-de-cuentas-2021\/#breadcrumb\"},\"inLanguage\":\"es\",\"potentialAction\":[{\"@type\":\"ReadAction\",\"target\":[\"https:\/\/gadelcabo.gob.ec\/azuay\/rendicion-de-cuentas-2021\/\"]}]},{\"@type\":\"ImageObject\",\"inLanguage\":\"es\",\"@id\":\"https:\/\/gadelcabo.gob.ec\/azuay\/rendicion-de-cuentas-2021\/#primaryimage\",\"url\":\"https:\/\/gadelcabo.gob.ec\/azuay\/wp-content\/uploads\/2022\/05\/279262705_1979897292202429_1369532072649931981_n.jpg\",\"contentUrl\":\"https:\/\/gadelcabo.gob.ec\/azuay\/wp-content\/uploads\/2022\/05\/279262705_1979897292202429_1369532072649931981_n.jpg\",\"width\":862,\"height\":770},{\"@type\":\"BreadcrumbList\",\"@id\":\"https:\/\/gadelcabo.gob.ec\/azuay\/rendicion-de-cuentas-2021\/#breadcrumb\",\"itemListElement\":[{\"@type\":\"ListItem\",\"position\":1,\"name\":\"Portada\",\"item\":\"https:\/\/gadelcabo.gob.ec\/azuay\/\"},{\"@type\":\"ListItem\",\"position\":2,\"name\":\"Rendici\u00f3n de Cuentas 2021\"}]},{\"@type\":\"WebSite\",\"@id\":\"https:\/\/gadelcabo.gob.ec\/azuay\/#website\",\"url\":\"https:\/\/gadelcabo.gob.ec\/azuay\/\",\"name\":\"GAD parroquial El Cabo\",\"description\":\"Sitio Oficial del GAD Parroquial El Cabo Azuay\",\"publisher\":{\"@id\":\"https:\/\/gadelcabo.gob.ec\/azuay\/#organization\"},\"potentialAction\":[{\"@type\":\"SearchAction\",\"target\":{\"@type\":\"EntryPoint\",\"urlTemplate\":\"https:\/\/gadelcabo.gob.ec\/azuay\/?s={search_term_string}\"},\"query-input\":{\"@type\":\"PropertyValueSpecification\",\"valueRequired\":true,\"valueName\":\"search_term_string\"}}],\"inLanguage\":\"es\"},{\"@type\":\"Organization\",\"@id\":\"https:\/\/gadelcabo.gob.ec\/azuay\/#organization\",\"name\":\"GAD parroquial de El Cabo\",\"url\":\"https:\/\/gadelcabo.gob.ec\/azuay\/\",\"logo\":{\"@type\":\"ImageObject\",\"inLanguage\":\"es\",\"@id\":\"https:\/\/gadelcabo.gob.ec\/azuay\/#\/schema\/logo\/image\/\",\"url\":\"https:\/\/gadelcabo.gob.ec\/azuay\/wp-content\/uploads\/2020\/06\/logoFooter.png\",\"contentUrl\":\"https:\/\/gadelcabo.gob.ec\/azuay\/wp-content\/uploads\/2020\/06\/logoFooter.png\",\"width\":200,\"height\":150,\"caption\":\"GAD parroquial de El Cabo\"},\"image\":{\"@id\":\"https:\/\/gadelcabo.gob.ec\/azuay\/#\/schema\/logo\/image\/\"}}]}<\/script>\n<!-- \/ Yoast SEO plugin. -->","yoast_head_json":{"title":"Rendici\u00f3n de Cuentas 2021 - GAD parroquial El Cabo","robots":{"index":"index","follow":"follow","max-snippet":"max-snippet:-1","max-image-preview":"max-image-preview:large","max-video-preview":"max-video-preview:-1"},"canonical":"https:\/\/gadelcabo.gob.ec\/azuay\/rendicion-de-cuentas-2021\/","og_locale":"es_ES","og_type":"article","og_title":"Rendici\u00f3n de Cuentas 2021 - GAD parroquial El Cabo","og_description":"INFORME CORRESPONDIENE AL PROCESO DE RENDICI\u00d3N DE CUENTAS DEL PER\u00cdODO FISCAL ENERO-DICIEMBRE 2021 DEL GAD PARROQUIAL DE EL CABO Conformaci\u00f3n del Equipo Mixto Confirmaci\u00f3n equipo mixto Designaci\u00f3n de profesional para el\u00a0 proceso Rendici\u00f3n de Cuentas 2021 Designaci\u00f3n Rendici\u00f3n de Cuentas Presupuesto Institucional 2021 Presupuesto inicial 2021 Fase 1 Rendici\u00f3n de Cuentas Fase 1 Rendici\u00f3n de [&hellip;]","og_url":"https:\/\/gadelcabo.gob.ec\/azuay\/rendicion-de-cuentas-2021\/","og_site_name":"GAD parroquial El Cabo","article_modified_time":"2022-05-31T16:47:47+00:00","og_image":[{"url":"https:\/\/gadelcabo.gob.ec\/azuay\/wp-content\/uploads\/2022\/05\/279262705_1979897292202429_1369532072649931981_n.jpg","type":"","width":"","height":""}],"twitter_card":"summary_large_image","twitter_misc":{"Tiempo de lectura":"2 minutos"},"schema":{"@context":"https:\/\/schema.org","@graph":[{"@type":"WebPage","@id":"https:\/\/gadelcabo.gob.ec\/azuay\/rendicion-de-cuentas-2021\/","url":"https:\/\/gadelcabo.gob.ec\/azuay\/rendicion-de-cuentas-2021\/","name":"Rendici\u00f3n de Cuentas 2021 - GAD parroquial El Cabo","isPartOf":{"@id":"https:\/\/gadelcabo.gob.ec\/azuay\/#website"},"primaryImageOfPage":{"@id":"https:\/\/gadelcabo.gob.ec\/azuay\/rendicion-de-cuentas-2021\/#primaryimage"},"image":{"@id":"https:\/\/gadelcabo.gob.ec\/azuay\/rendicion-de-cuentas-2021\/#primaryimage"},"thumbnailUrl":"https:\/\/gadelcabo.gob.ec\/azuay\/wp-content\/uploads\/2022\/05\/279262705_1979897292202429_1369532072649931981_n.jpg","datePublished":"2021-01-05T15:26:10+00:00","dateModified":"2022-05-31T16:47:47+00:00","breadcrumb":{"@id":"https:\/\/gadelcabo.gob.ec\/azuay\/rendicion-de-cuentas-2021\/#breadcrumb"},"inLanguage":"es","potentialAction":[{"@type":"ReadAction","target":["https:\/\/gadelcabo.gob.ec\/azuay\/rendicion-de-cuentas-2021\/"]}]},{"@type":"ImageObject","inLanguage":"es","@id":"https:\/\/gadelcabo.gob.ec\/azuay\/rendicion-de-cuentas-2021\/#primaryimage","url":"https:\/\/gadelcabo.gob.ec\/azuay\/wp-content\/uploads\/2022\/05\/279262705_1979897292202429_1369532072649931981_n.jpg","contentUrl":"https:\/\/gadelcabo.gob.ec\/azuay\/wp-content\/uploads\/2022\/05\/279262705_1979897292202429_1369532072649931981_n.jpg","width":862,"height":770},{"@type":"BreadcrumbList","@id":"https:\/\/gadelcabo.gob.ec\/azuay\/rendicion-de-cuentas-2021\/#breadcrumb","itemListElement":[{"@type":"ListItem","position":1,"name":"Portada","item":"https:\/\/gadelcabo.gob.ec\/azuay\/"},{"@type":"ListItem","position":2,"name":"Rendici\u00f3n de Cuentas 2021"}]},{"@type":"WebSite","@id":"https:\/\/gadelcabo.gob.ec\/azuay\/#website","url":"https:\/\/gadelcabo.gob.ec\/azuay\/","name":"GAD parroquial El Cabo","description":"Sitio Oficial del GAD Parroquial El Cabo Azuay","publisher":{"@id":"https:\/\/gadelcabo.gob.ec\/azuay\/#organization"},"potentialAction":[{"@type":"SearchAction","target":{"@type":"EntryPoint","urlTemplate":"https:\/\/gadelcabo.gob.ec\/azuay\/?s={search_term_string}"},"query-input":{"@type":"PropertyValueSpecification","valueRequired":true,"valueName":"search_term_string"}}],"inLanguage":"es"},{"@type":"Organization","@id":"https:\/\/gadelcabo.gob.ec\/azuay\/#organization","name":"GAD parroquial de El Cabo","url":"https:\/\/gadelcabo.gob.ec\/azuay\/","logo":{"@type":"ImageObject","inLanguage":"es","@id":"https:\/\/gadelcabo.gob.ec\/azuay\/#\/schema\/logo\/image\/","url":"https:\/\/gadelcabo.gob.ec\/azuay\/wp-content\/uploads\/2020\/06\/logoFooter.png","contentUrl":"https:\/\/gadelcabo.gob.ec\/azuay\/wp-content\/uploads\/2020\/06\/logoFooter.png","width":200,"height":150,"caption":"GAD parroquial de El Cabo"},"image":{"@id":"https:\/\/gadelcabo.gob.ec\/azuay\/#\/schema\/logo\/image\/"}}]}},"_links":{"self":[{"href":"https:\/\/gadelcabo.gob.ec\/azuay\/wp-json\/wp\/v2\/pages\/1730","targetHints":{"allow":["GET"]}}],"collection":[{"href":"https:\/\/gadelcabo.gob.ec\/azuay\/wp-json\/wp\/v2\/pages"}],"about":[{"href":"https:\/\/gadelcabo.gob.ec\/azuay\/wp-json\/wp\/v2\/types\/page"}],"author":[{"embeddable":true,"href":"https:\/\/gadelcabo.gob.ec\/azuay\/wp-json\/wp\/v2\/users\/6"}],"replies":[{"embeddable":true,"href":"https:\/\/gadelcabo.gob.ec\/azuay\/wp-json\/wp\/v2\/comments?post=1730"}],"version-history":[{"count":10,"href":"https:\/\/gadelcabo.gob.ec\/azuay\/wp-json\/wp\/v2\/pages\/1730\/revisions"}],"predecessor-version":[{"id":1958,"href":"https:\/\/gadelcabo.gob.ec\/azuay\/wp-json\/wp\/v2\/pages\/1730\/revisions\/1958"}],"wp:attachment":[{"href":"https:\/\/gadelcabo.gob.ec\/azuay\/wp-json\/wp\/v2\/media?parent=1730"}],"curies":[{"name":"wp","href":"https:\/\/api.w.org\/{rel}","templated":true}]}}