{"id":1975,"date":"2023-01-02T12:58:01","date_gmt":"2023-01-02T16:58:01","guid":{"rendered":"https:\/\/gadelcabo.gob.ec\/azuay\/?page_id=1975"},"modified":"2024-06-28T21:30:14","modified_gmt":"2024-06-29T01:30:14","slug":"rendicion-de-cuentas-2023","status":"publish","type":"page","link":"https:\/\/gadelcabo.gob.ec\/azuay\/rendicion-de-cuentas-2023\/","title":{"rendered":"Rendici\u00f3n de Cuentas 2023"},"content":{"rendered":"<p><a href=\"https:\/\/gadelcabo.gob.ec\/azuay\/wp-content\/uploads\/2024\/06\/RENDICION-DE-CUENTAS-2023.pptx\">RENDICI\u00d3N DE CUENTAS 2023<\/a><\/p>\n<p>&nbsp;<\/p>\n<p>Asistencia asamblea ciudadana<\/p>\n<p><a href=\"https:\/\/gadelcabo.gob.ec\/azuay\/wp-content\/uploads\/2024\/06\/Asamblea-Ciudadana-2024.docx.pdf\">Asamblea Ciudadana 2024.docx<\/a><\/p>\n<p>&nbsp;<\/p>\n<p>Asistencia deliberaci\u00f3n p\u00fablica<\/p>\n<p><a href=\"https:\/\/gadelcabo.gob.ec\/azuay\/wp-content\/uploads\/2024\/06\/CamScanner-28-06-2024-13.06.pdf\">CamScanner 28-06-2024 13.06<\/a><\/p>\n<p>&nbsp;<\/p>\n<p>Reuni\u00f3n equipo mixto contestaci\u00f3n de pregutnas<\/p>\n<p><a href=\"https:\/\/gadelcabo.gob.ec\/azuay\/wp-content\/uploads\/2024\/06\/CamScanner-28-06-2024-13.02.pdf\">CamScanner 28-06-2024 13.02<\/a><\/p>\n<p>&nbsp;<\/p>\n<p>Reuni\u00f3n equipo mixto<\/p>\n<p><a href=\"https:\/\/gadelcabo.gob.ec\/azuay\/wp-content\/uploads\/2024\/06\/CamScanner-28-06-2024-13.00-1.pdf\">CamScanner 28-06-2024 13.00 (1)<\/a><\/p>\n<p>&nbsp;<\/p>\n<p>Asistencia asamblea ciudadana<\/p>\n<p><a href=\"https:\/\/gadelcabo.gob.ec\/azuay\/wp-content\/uploads\/2024\/06\/CamScanner-28-06-2024-13.00.pdf\">CamScanner 28-06-2024 13.00<\/a><\/p>\n","protected":false},"excerpt":{"rendered":"<p>RENDICI\u00d3N DE CUENTAS 2023 &nbsp; Asistencia asamblea ciudadana Asamblea Ciudadana 2024.docx &nbsp; Asistencia deliberaci\u00f3n p\u00fablica CamScanner 28-06-2024 13.06 &nbsp; Reuni\u00f3n equipo mixto contestaci\u00f3n de pregutnas CamScanner 28-06-2024 13.02 &nbsp; Reuni\u00f3n equipo mixto CamScanner 28-06-2024 13.00 (1) &nbsp; Asistencia asamblea ciudadana CamScanner 28-06-2024 13.00<\/p>\n","protected":false},"author":6,"featured_media":0,"parent":0,"menu_order":0,"comment_status":"closed","ping_status":"closed","template":"","meta":{"footnotes":""},"class_list":["post-1975","page","type-page","status-publish","hentry"],"yoast_head":"<!-- This site is optimized with the Yoast SEO plugin v24.1 - https:\/\/yoast.com\/wordpress\/plugins\/seo\/ -->\n<title>Rendici\u00f3n de Cuentas 2023 - GAD parroquial El Cabo<\/title>\n<meta name=\"robots\" content=\"index, follow, max-snippet:-1, max-image-preview:large, max-video-preview:-1\" \/>\n<link rel=\"canonical\" href=\"https:\/\/gadelcabo.gob.ec\/azuay\/rendicion-de-cuentas-2023\/\" \/>\n<meta property=\"og:locale\" content=\"es_ES\" \/>\n<meta property=\"og:type\" content=\"article\" \/>\n<meta property=\"og:title\" content=\"Rendici\u00f3n de Cuentas 2023 - GAD parroquial El Cabo\" \/>\n<meta property=\"og:description\" content=\"RENDICI\u00d3N DE CUENTAS 2023 &nbsp; Asistencia asamblea ciudadana Asamblea Ciudadana 2024.docx &nbsp; Asistencia deliberaci\u00f3n p\u00fablica CamScanner 28-06-2024 13.06 &nbsp; Reuni\u00f3n equipo mixto contestaci\u00f3n de pregutnas CamScanner 28-06-2024 13.02 &nbsp; Reuni\u00f3n equipo mixto CamScanner 28-06-2024 13.00 (1) &nbsp; Asistencia asamblea ciudadana CamScanner 28-06-2024 13.00\" \/>\n<meta property=\"og:url\" content=\"https:\/\/gadelcabo.gob.ec\/azuay\/rendicion-de-cuentas-2023\/\" \/>\n<meta property=\"og:site_name\" content=\"GAD parroquial El Cabo\" \/>\n<meta property=\"article:modified_time\" content=\"2024-06-29T01:30:14+00:00\" \/>\n<meta name=\"twitter:card\" content=\"summary_large_image\" \/>\n<meta name=\"twitter:label1\" content=\"Tiempo de lectura\" \/>\n\t<meta name=\"twitter:data1\" content=\"1 minuto\" \/>\n<script type=\"application\/ld+json\" class=\"yoast-schema-graph\">{\"@context\":\"https:\/\/schema.org\",\"@graph\":[{\"@type\":\"WebPage\",\"@id\":\"https:\/\/gadelcabo.gob.ec\/azuay\/rendicion-de-cuentas-2023\/\",\"url\":\"https:\/\/gadelcabo.gob.ec\/azuay\/rendicion-de-cuentas-2023\/\",\"name\":\"Rendici\u00f3n de Cuentas 2023 - GAD parroquial El Cabo\",\"isPartOf\":{\"@id\":\"https:\/\/gadelcabo.gob.ec\/azuay\/#website\"},\"datePublished\":\"2023-01-02T16:58:01+00:00\",\"dateModified\":\"2024-06-29T01:30:14+00:00\",\"breadcrumb\":{\"@id\":\"https:\/\/gadelcabo.gob.ec\/azuay\/rendicion-de-cuentas-2023\/#breadcrumb\"},\"inLanguage\":\"es\",\"potentialAction\":[{\"@type\":\"ReadAction\",\"target\":[\"https:\/\/gadelcabo.gob.ec\/azuay\/rendicion-de-cuentas-2023\/\"]}]},{\"@type\":\"BreadcrumbList\",\"@id\":\"https:\/\/gadelcabo.gob.ec\/azuay\/rendicion-de-cuentas-2023\/#breadcrumb\",\"itemListElement\":[{\"@type\":\"ListItem\",\"position\":1,\"name\":\"Portada\",\"item\":\"https:\/\/gadelcabo.gob.ec\/azuay\/\"},{\"@type\":\"ListItem\",\"position\":2,\"name\":\"Rendici\u00f3n de Cuentas 2023\"}]},{\"@type\":\"WebSite\",\"@id\":\"https:\/\/gadelcabo.gob.ec\/azuay\/#website\",\"url\":\"https:\/\/gadelcabo.gob.ec\/azuay\/\",\"name\":\"GAD parroquial El Cabo\",\"description\":\"Sitio Oficial del GAD Parroquial El Cabo Azuay\",\"publisher\":{\"@id\":\"https:\/\/gadelcabo.gob.ec\/azuay\/#organization\"},\"potentialAction\":[{\"@type\":\"SearchAction\",\"target\":{\"@type\":\"EntryPoint\",\"urlTemplate\":\"https:\/\/gadelcabo.gob.ec\/azuay\/?s={search_term_string}\"},\"query-input\":{\"@type\":\"PropertyValueSpecification\",\"valueRequired\":true,\"valueName\":\"search_term_string\"}}],\"inLanguage\":\"es\"},{\"@type\":\"Organization\",\"@id\":\"https:\/\/gadelcabo.gob.ec\/azuay\/#organization\",\"name\":\"GAD parroquial de El Cabo\",\"url\":\"https:\/\/gadelcabo.gob.ec\/azuay\/\",\"logo\":{\"@type\":\"ImageObject\",\"inLanguage\":\"es\",\"@id\":\"https:\/\/gadelcabo.gob.ec\/azuay\/#\/schema\/logo\/image\/\",\"url\":\"https:\/\/gadelcabo.gob.ec\/azuay\/wp-content\/uploads\/2020\/06\/logoFooter.png\",\"contentUrl\":\"https:\/\/gadelcabo.gob.ec\/azuay\/wp-content\/uploads\/2020\/06\/logoFooter.png\",\"width\":200,\"height\":150,\"caption\":\"GAD parroquial de El Cabo\"},\"image\":{\"@id\":\"https:\/\/gadelcabo.gob.ec\/azuay\/#\/schema\/logo\/image\/\"}}]}<\/script>\n<!-- \/ Yoast SEO plugin. -->","yoast_head_json":{"title":"Rendici\u00f3n de Cuentas 2023 - GAD parroquial El Cabo","robots":{"index":"index","follow":"follow","max-snippet":"max-snippet:-1","max-image-preview":"max-image-preview:large","max-video-preview":"max-video-preview:-1"},"canonical":"https:\/\/gadelcabo.gob.ec\/azuay\/rendicion-de-cuentas-2023\/","og_locale":"es_ES","og_type":"article","og_title":"Rendici\u00f3n de Cuentas 2023 - GAD parroquial El Cabo","og_description":"RENDICI\u00d3N DE CUENTAS 2023 &nbsp; Asistencia asamblea ciudadana Asamblea Ciudadana 2024.docx &nbsp; Asistencia deliberaci\u00f3n p\u00fablica CamScanner 28-06-2024 13.06 &nbsp; Reuni\u00f3n equipo mixto contestaci\u00f3n de pregutnas CamScanner 28-06-2024 13.02 &nbsp; Reuni\u00f3n equipo mixto CamScanner 28-06-2024 13.00 (1) &nbsp; Asistencia asamblea ciudadana CamScanner 28-06-2024 13.00","og_url":"https:\/\/gadelcabo.gob.ec\/azuay\/rendicion-de-cuentas-2023\/","og_site_name":"GAD parroquial El Cabo","article_modified_time":"2024-06-29T01:30:14+00:00","twitter_card":"summary_large_image","twitter_misc":{"Tiempo de lectura":"1 minuto"},"schema":{"@context":"https:\/\/schema.org","@graph":[{"@type":"WebPage","@id":"https:\/\/gadelcabo.gob.ec\/azuay\/rendicion-de-cuentas-2023\/","url":"https:\/\/gadelcabo.gob.ec\/azuay\/rendicion-de-cuentas-2023\/","name":"Rendici\u00f3n de Cuentas 2023 - GAD parroquial El Cabo","isPartOf":{"@id":"https:\/\/gadelcabo.gob.ec\/azuay\/#website"},"datePublished":"2023-01-02T16:58:01+00:00","dateModified":"2024-06-29T01:30:14+00:00","breadcrumb":{"@id":"https:\/\/gadelcabo.gob.ec\/azuay\/rendicion-de-cuentas-2023\/#breadcrumb"},"inLanguage":"es","potentialAction":[{"@type":"ReadAction","target":["https:\/\/gadelcabo.gob.ec\/azuay\/rendicion-de-cuentas-2023\/"]}]},{"@type":"BreadcrumbList","@id":"https:\/\/gadelcabo.gob.ec\/azuay\/rendicion-de-cuentas-2023\/#breadcrumb","itemListElement":[{"@type":"ListItem","position":1,"name":"Portada","item":"https:\/\/gadelcabo.gob.ec\/azuay\/"},{"@type":"ListItem","position":2,"name":"Rendici\u00f3n de Cuentas 2023"}]},{"@type":"WebSite","@id":"https:\/\/gadelcabo.gob.ec\/azuay\/#website","url":"https:\/\/gadelcabo.gob.ec\/azuay\/","name":"GAD parroquial El Cabo","description":"Sitio Oficial del GAD Parroquial El Cabo Azuay","publisher":{"@id":"https:\/\/gadelcabo.gob.ec\/azuay\/#organization"},"potentialAction":[{"@type":"SearchAction","target":{"@type":"EntryPoint","urlTemplate":"https:\/\/gadelcabo.gob.ec\/azuay\/?s={search_term_string}"},"query-input":{"@type":"PropertyValueSpecification","valueRequired":true,"valueName":"search_term_string"}}],"inLanguage":"es"},{"@type":"Organization","@id":"https:\/\/gadelcabo.gob.ec\/azuay\/#organization","name":"GAD parroquial de El Cabo","url":"https:\/\/gadelcabo.gob.ec\/azuay\/","logo":{"@type":"ImageObject","inLanguage":"es","@id":"https:\/\/gadelcabo.gob.ec\/azuay\/#\/schema\/logo\/image\/","url":"https:\/\/gadelcabo.gob.ec\/azuay\/wp-content\/uploads\/2020\/06\/logoFooter.png","contentUrl":"https:\/\/gadelcabo.gob.ec\/azuay\/wp-content\/uploads\/2020\/06\/logoFooter.png","width":200,"height":150,"caption":"GAD parroquial de El Cabo"},"image":{"@id":"https:\/\/gadelcabo.gob.ec\/azuay\/#\/schema\/logo\/image\/"}}]}},"_links":{"self":[{"href":"https:\/\/gadelcabo.gob.ec\/azuay\/wp-json\/wp\/v2\/pages\/1975","targetHints":{"allow":["GET"]}}],"collection":[{"href":"https:\/\/gadelcabo.gob.ec\/azuay\/wp-json\/wp\/v2\/pages"}],"about":[{"href":"https:\/\/gadelcabo.gob.ec\/azuay\/wp-json\/wp\/v2\/types\/page"}],"author":[{"embeddable":true,"href":"https:\/\/gadelcabo.gob.ec\/azuay\/wp-json\/wp\/v2\/users\/6"}],"replies":[{"embeddable":true,"href":"https:\/\/gadelcabo.gob.ec\/azuay\/wp-json\/wp\/v2\/comments?post=1975"}],"version-history":[{"count":4,"href":"https:\/\/gadelcabo.gob.ec\/azuay\/wp-json\/wp\/v2\/pages\/1975\/revisions"}],"predecessor-version":[{"id":2523,"href":"https:\/\/gadelcabo.gob.ec\/azuay\/wp-json\/wp\/v2\/pages\/1975\/revisions\/2523"}],"wp:attachment":[{"href":"https:\/\/gadelcabo.gob.ec\/azuay\/wp-json\/wp\/v2\/media?parent=1975"}],"curies":[{"name":"wp","href":"https:\/\/api.w.org\/{rel}","templated":true}]}}