{"id":2,"date":"2014-10-23T16:44:16","date_gmt":"2014-10-23T16:44:16","guid":{"rendered":"http:\/\/gadelcabo.gob.ec\/azuay\/?page_id=2"},"modified":"2024-04-12T16:16:03","modified_gmt":"2024-04-12T20:16:03","slug":"pagina-ejemplo","status":"publish","type":"page","link":"https:\/\/gadelcabo.gob.ec\/azuay\/","title":{"rendered":"P\u00e1gina Oficial del GAD El Cabo"},"content":{"rendered":"[vc_row][vc_column][vc_column_text]\n<p style=\"text-align: center;\"><a href=\"https:\/\/gadelcabo.gob.ec\/azuay\/wp-content\/uploads\/2023\/07\/WhatsApp-Image-2023-07-25-at-10.51.39.jpeg\"><img loading=\"lazy\" decoding=\"async\" class=\"alignnone wp-image-2159\" src=\"https:\/\/gadelcabo.gob.ec\/azuay\/wp-content\/uploads\/2023\/07\/WhatsApp-Image-2023-07-25-at-10.51.39.jpeg\" alt=\"\" width=\"321\" height=\"207\" \/><\/a><\/p>\n<p>La Defensor\u00eda del Pueblo, con la finalidad de reconocer a las entidades que se encuentran obligadas a transparentar y garantizar el acceso a la informaci\u00f3n p\u00fablica, nos dio a conocer que el GAD permite contar con la Insignia anual de registro de catastro 2022, que debera ser incorporada en la p\u00e1gina web y las redes sociales. Insignia con la cual se valida que el GAD Parroquial El Cabo se encuentra registrado en la base de datos del catastro defensorial constante en el aplicativo web \u00abMLOTAIP-Entidades\u00bb<\/p>\n[\/vc_column_text][\/vc_column][\/vc_row][vc_row bg_type=&#8221;bg_color&#8221; bg_color_value=&#8221;#f7f7f7&#8243; css=&#8221;.vc_custom_1581547090144{padding-top: 0px !important;padding-bottom: 0px !important;}&#8221;][vc_column css=&#8221;.vc_custom_1529671385255{background-position: center !important;background-repeat: no-repeat !important;background-size: cover !important;}&#8221;][vc_row_inner][vc_column_inner]<div id=\"ultimate-heading-850569e23053a856e\" class=\"uvc-heading ult-adjust-bottom-margin ultimate-heading-850569e23053a856e uvc-9313 accent-border-color\" data-hspacer=\"line_only\"  data-halign=\"center\" style=\"text-align:center\"><div class=\"uvc-main-heading ult-responsive\"  data-ultimate-target='.uvc-heading.ultimate-heading-850569e23053a856e h2'  data-responsive-json-new='{\"font-size\":\"desktop:26px;\",\"line-height\":\"desktop:36px;\"}' ><h2 style=\"font-weight:normal;margin-bottom:15px;\">INFORME DE RENDICION DE CUENTAS<\/h2><\/div><div class=\"uvc-sub-heading ult-responsive\"  data-ultimate-target='.uvc-heading.ultimate-heading-850569e23053a856e .uvc-sub-heading '  data-responsive-json-new='{\"font-size\":\"\",\"line-height\":\"desktop:28px;\"}'  style=\"font-weight:normal;\"><iframe src=\"\/\/docs.google.com\/viewer?url=https%3A%2F%2Fgadelcabo.gob.ec%2Fazuay%2Fwp-content%2Fuploads%2F2022%2F07%2FReporteInformeGad.pdf&hl=es&embedded=true\" class=\"gde-frame\" style=\"width:100%; height:950px; border: none;\" scrolling=\"no\"><\/iframe>\n<p class=\"gde-text\"><a href=\"https:\/\/gadelcabo.gob.ec\/azuay\/wp-content\/uploads\/2022\/07\/ReporteInformeGad.pdf\" class=\"gde-link\">Descargar (PDF, 461KB)<\/a><\/p>\n<p>&nbsp;<\/p>\n<div id=\"gtx-trans\" style=\"position: absolute; left: 363px; top: 14px;\">\n<div class=\"gtx-trans-icon\"><\/div>\n<\/div>\n<\/div><div class=\"uvc-heading-spacer line_only\" style=\"margin-bottom:60px;height:4px;\"><span class=\"uvc-headings-line\" style=\"border-style:solid;border-bottom-width:4px;border-color:#eeee22;width:100px;\"><\/span><\/div><\/div><div id=\"ultimate-heading-704269e23053ac028\" class=\"uvc-heading ult-adjust-bottom-margin ultimate-heading-704269e23053ac028 uvc-7998 accent-border-color\" data-hspacer=\"line_only\"  data-halign=\"center\" style=\"text-align:center\"><div class=\"uvc-main-heading ult-responsive\"  data-ultimate-target='.uvc-heading.ultimate-heading-704269e23053ac028 h2'  data-responsive-json-new='{\"font-size\":\"desktop:26px;\",\"line-height\":\"desktop:36px;\"}' ><h2 style=\"font-weight:normal;margin-bottom:15px;\">PDOT<\/h2><\/div><div class=\"uvc-sub-heading ult-responsive\"  data-ultimate-target='.uvc-heading.ultimate-heading-704269e23053ac028 .uvc-sub-heading '  data-responsive-json-new='{\"font-size\":\"\",\"line-height\":\"desktop:28px;\"}'  style=\"font-weight:normal;\">\n<p class=\"gde-text\"><a href=\"https:\/\/gadelcabo.gob.ec\/azuay\/wp-content\/uploads\/2022\/07\/PDOT-mas-Alineacion.pdf\" class=\"gde-link\">Descargar (PDF, 33.78MB)<\/a><\/p><\/div><div class=\"uvc-heading-spacer line_only\" style=\"margin-bottom:60px;height:4px;\"><span class=\"uvc-headings-line\" style=\"border-style:solid;border-bottom-width:4px;border-color:#eeee22;width:100px;\"><\/span><\/div><\/div>[\/vc_column_inner][\/vc_row_inner][vc_row_inner][vc_column_inner]<div id=\"ultimate-heading-422969e23053aec8d\" class=\"uvc-heading ult-adjust-bottom-margin ultimate-heading-422969e23053aec8d uvc-3845 accent-border-color\" data-hspacer=\"line_only\"  data-halign=\"center\" style=\"text-align:center\"><div class=\"uvc-main-heading ult-responsive\"  data-ultimate-target='.uvc-heading.ultimate-heading-422969e23053aec8d h2'  data-responsive-json-new='{\"font-size\":\"desktop:26px;\",\"line-height\":\"desktop:36px;\"}' ><h2 style=\"font-weight:normal;margin-bottom:15px;\">EN LINEA<\/h2><\/div><div class=\"uvc-heading-spacer line_only\" style=\"margin-bottom:60px;height:4px;\"><span class=\"uvc-headings-line\" style=\"border-style:solid;border-bottom-width:4px;border-color:#eeee22;width:100px;\"><\/span><\/div><\/div>[\/vc_column_inner][\/vc_row_inner][vc_row_inner][vc_column_inner width=&#8221;1\/3&#8243;]<div class=\"ult-just-icon-wrapper  \"><div class=\"align-icon\" style=\"text-align:center;\">\n<div class=\"aio-icon none \" data-animation=\"swing\" data-animation-delay=\"03\" style=\"color:#ea841e;font-size:80px;display:inline-block;\">\n\t<i class=\"Defaults-bar-chart bar-chart-o\"><\/i>\n<\/div><\/div><\/div><div id=\"ultimate-heading-751169e23053aeee6\" class=\"uvc-heading ult-adjust-bottom-margin ultimate-heading-751169e23053aeee6 uvc-9977 \" data-hspacer=\"no_spacer\"  data-halign=\"center\" style=\"text-align:center\"><div class=\"uvc-heading-spacer no_spacer\" style=\"top\"><\/div><div class=\"uvc-main-heading ult-responsive\"  data-ultimate-target='.uvc-heading.ultimate-heading-751169e23053aeee6 h2'  data-responsive-json-new='{\"font-size\":\"desktop:26px;\",\"line-height\":\"desktop:36px;\"}' ><h2 style=\"font-weight:normal;margin-bottom:5px;\">Rendici\u00f3n de Cuentas<\/h2><\/div><div class=\"uvc-sub-heading ult-responsive\"  data-ultimate-target='.uvc-heading.ultimate-heading-751169e23053aeee6 .uvc-sub-heading '  data-responsive-json-new='{\"font-size\":\"\",\"line-height\":\"desktop:28px;\"}'  style=\"font-weight:normal;margin-bottom:20px;\">Informe anual sobre los trabajos y gesti\u00f3n realizada.<\/div><\/div><div class=\" ubtn-ctn-center \"><a class=\"ubtn-link ult-adjust-bottom-margin ubtn-center ubtn-normal \" href=\"https:\/\/gadelcabo.gob.ec\/azuay\/wp-content\/uploads\/2020\/10\/INFORME-RENDICION-DE-CUENTAS-GAD-PARROQUIAL-EL-CABO.pdf\" target=\"_blank\" rel=\"noopener\" ><button type=\"button\" id=\"ubtn-9274\"  class=\"ubtn ult-adjust-bottom-margin ult-responsive ubtn-normal ubtn-fade-bg  ulta-float  ubtn-center   tooltip-69e23053aef0a\"  data-hover=\"\" data-border-color=\"\" data-bg=\"#e0e0e0\" data-hover-bg=\"\" data-border-hover=\"\" data-shadow-hover=\"\" data-shadow-click=\"none\" data-shadow=\"\" data-shd-shadow=\"\"  data-ultimate-target='#ubtn-9274'  data-responsive-json-new='{\"font-size\":\"\",\"line-height\":\"\"}'  style=\"font-weight:normal;border:none;background: #e0e0e0;color: #000000;\"><span class=\"ubtn-hover\" style=\"background-color:\"><\/span><span class=\"ubtn-data ubtn-text \" >Descargar<\/span><\/button><\/a><\/div>[\/vc_column_inner][vc_column_inner width=&#8221;1\/3&#8243;]<div class=\"ult-just-icon-wrapper  \"><div class=\"align-icon\" style=\"text-align:center;\">\n<div class=\"aio-icon none \" data-animation=\"swing\" data-animation-delay=\"03\" style=\"color:#ea841e;font-size:80px;display:inline-block;\">\n\t<i class=\"Defaults-book\"><\/i>\n<\/div><\/div><\/div><div id=\"ultimate-heading-956869e23053aef56\" class=\"uvc-heading ult-adjust-bottom-margin ultimate-heading-956869e23053aef56 uvc-1026 \" data-hspacer=\"no_spacer\"  data-halign=\"center\" style=\"text-align:center\"><div class=\"uvc-heading-spacer no_spacer\" style=\"top\"><\/div><div class=\"uvc-main-heading ult-responsive\"  data-ultimate-target='.uvc-heading.ultimate-heading-956869e23053aef56 h2'  data-responsive-json-new='{\"font-size\":\"desktop:26px;\",\"line-height\":\"desktop:36px;\"}' ><h2 style=\"font-weight:normal;margin-bottom:5px;\">PDOT<\/h2><\/div><div class=\"uvc-sub-heading ult-responsive\"  data-ultimate-target='.uvc-heading.ultimate-heading-956869e23053aef56 .uvc-sub-heading '  data-responsive-json-new='{\"font-size\":\"\",\"line-height\":\"desktop:28px;\"}'  style=\"font-weight:normal;margin-bottom:20px;\">Descargar el documento del Plan de ordenamiento Territorial.<\/div><\/div><div class=\" ubtn-ctn-center \"><a class=\"ubtn-link ult-adjust-bottom-margin ubtn-center ubtn-normal \" href=\"https:\/\/gadelcabo.gob.ec\/azuay\/wp-content\/uploads\/2022\/07\/PDOT-mas-Alineacion.pdf\" target=\"_blank\" rel=\"noopener\" ><button type=\"button\" id=\"ubtn-8325\"  class=\"ubtn ult-adjust-bottom-margin ult-responsive ubtn-normal ubtn-fade-bg  ulta-float  ubtn-center   tooltip-69e23053aef70\"  data-hover=\"\" data-border-color=\"\" data-bg=\"#e0e0e0\" data-hover-bg=\"\" data-border-hover=\"\" data-shadow-hover=\"\" data-shadow-click=\"none\" data-shadow=\"\" data-shd-shadow=\"\"  data-ultimate-target='#ubtn-8325'  data-responsive-json-new='{\"font-size\":\"\",\"line-height\":\"\"}'  style=\"font-weight:normal;border:none;background: #e0e0e0;color: #000000;\"><span class=\"ubtn-hover\" style=\"background-color:\"><\/span><span class=\"ubtn-data ubtn-text \" >Descargar<\/span><\/button><\/a><\/div>[\/vc_column_inner][vc_column_inner width=&#8221;1\/3&#8243;]<div class=\"ult-just-icon-wrapper  \"><div class=\"align-icon\" style=\"text-align:center;\">\n<div class=\"aio-icon none \" data-animation=\"swing\" data-animation-delay=\"03\" style=\"color:#ea841e;font-size:80px;display:inline-block;\">\n\t<i class=\"Defaults-camera-retro\"><\/i>\n<\/div><\/div><\/div><div id=\"ultimate-heading-887069e23053aefae\" class=\"uvc-heading ult-adjust-bottom-margin ultimate-heading-887069e23053aefae uvc-3897 \" data-hspacer=\"no_spacer\"  data-halign=\"center\" style=\"text-align:center\"><div class=\"uvc-heading-spacer no_spacer\" style=\"top\"><\/div><div class=\"uvc-main-heading ult-responsive\"  data-ultimate-target='.uvc-heading.ultimate-heading-887069e23053aefae h2'  data-responsive-json-new='{\"font-size\":\"desktop:26px;\",\"line-height\":\"desktop:36px;\"}' ><h2 style=\"font-weight:normal;margin-bottom:5px;\">Turismo<\/h2><\/div><div class=\"uvc-sub-heading ult-responsive\"  data-ultimate-target='.uvc-heading.ultimate-heading-887069e23053aefae .uvc-sub-heading '  data-responsive-json-new='{\"font-size\":\"\",\"line-height\":\"desktop:28px;\"}'  style=\"font-weight:normal;margin-bottom:20px;\">Conoce sobre los atractivos tur\u00edsticos de nuestra parroquia.<\/div><\/div><div class=\" ubtn-ctn-center \"><button type=\"button\" id=\"ubtn-8787\"  class=\"ubtn ult-adjust-bottom-margin ult-responsive ubtn-normal ubtn-fade-bg  ulta-float  ubtn-center   tooltip-69e23053aefc5\"  data-hover=\"\" data-border-color=\"\" data-bg=\"#e0e0e0\" data-hover-bg=\"\" data-border-hover=\"\" data-shadow-hover=\"\" data-shadow-click=\"none\" data-shadow=\"\" data-shd-shadow=\"\"  data-ultimate-target='#ubtn-8787'  data-responsive-json-new='{\"font-size\":\"\",\"line-height\":\"\"}'  style=\"font-weight:normal;border:none;background: #e0e0e0;color: #000000;\"><span class=\"ubtn-hover\" style=\"background-color:\"><\/span><span class=\"ubtn-data ubtn-text \" >Ir a Turismo<\/span><\/button><\/div>[\/vc_column_inner][\/vc_row_inner][vc_column_inner][\/vc_column_inner][\/vc_column][\/vc_row][vc_row bg_type=&#8221;image&#8221; parallax_style=&#8221;vcpb-vz-jquery&#8221; bg_image_new=&#8221;id^1577|url^https:\/\/gadelcabo.gob.ec\/azuay\/wp-content\/uploads\/2020\/06\/69793509_2452912184981116_4020223568129294336_n.jpg|caption^null|alt^null|title^69793509_2452912184981116_4020223568129294336_n|description^null&#8221; bg_image_repeat=&#8221;no-repeat&#8221; enable_overlay=&#8221;enable_overlay_value&#8221; overlay_color=&#8221;rgba(0,0,0,0.24)&#8221; css=&#8221;.vc_custom_1595868320233{padding-top: 80px !important;padding-bottom: 80px !important;}&#8221;][vc_column]<div id=\"ultimate-heading-937669e23053aefe5\" class=\"uvc-heading ult-adjust-bottom-margin ultimate-heading-937669e23053aefe5 uvc-2092 accent-border-color\" data-hspacer=\"line_only\"  data-halign=\"center\" style=\"text-align:center\"><div class=\"uvc-main-heading ult-responsive\"  data-ultimate-target='.uvc-heading.ultimate-heading-937669e23053aefe5 h2'  data-responsive-json-new='{\"font-size\":\"desktop:40px;\",\"line-height\":\"desktop:50px;\"}' ><h2 style=\"font-weight:normal;color:#ffffff;margin-bottom:15px;\">Turismo en El Cabo<\/h2><\/div><div class=\"uvc-heading-spacer line_only\" style=\"margin-bottom:60px;height:4px;\"><span class=\"uvc-headings-line\" style=\"border-style:solid;border-bottom-width:4px;border-color:#eeee22;width:100px;\"><\/span><\/div><\/div><div class=\" ubtn-ctn-center \"><a class=\"ubtn-link ult-adjust-bottom-margin ubtn-center ubtn-normal \" href=\"http:\/\/\" ><button type=\"button\" id=\"ubtn-7760\"  class=\"ubtn ult-adjust-bottom-margin ult-responsive ubtn-normal ubtn-fade-bg  ulta-pulse-grow  ubtn-center   tooltip-69e23053aeffe\"  data-hover=\"\" data-border-color=\"#dd9933\" data-bg=\"#e0e0e0\" data-hover-bg=\"\" data-border-hover=\"\" data-shadow-hover=\"\" data-shadow-click=\"none\" data-shadow=\"\" data-shd-shadow=\"\"  data-ultimate-target='#ubtn-7760'  data-responsive-json-new='{\"font-size\":\"\",\"line-height\":\"\"}'  style=\"font-weight:normal;border-radius:3px;border-width:1px;border-color:#dd9933;border-style:solid;background: #e0e0e0;color: #000000;\"><span class=\"ubtn-hover\" style=\"background-color:\"><\/span><span class=\"ubtn-data ubtn-text \" >Ir a Turismo<\/span><\/button><\/a><\/div>[\/vc_column][\/vc_row][vc_row][vc_column]<div id=\"ultimate-heading-886469e23053af023\" class=\"uvc-heading ult-adjust-bottom-margin ultimate-heading-886469e23053af023 uvc-4448 accent-border-color\" data-hspacer=\"line_only\"  data-halign=\"center\" style=\"text-align:center\"><div class=\"uvc-main-heading ult-responsive\"  data-ultimate-target='.uvc-heading.ultimate-heading-886469e23053af023 h2'  data-responsive-json-new='{\"font-size\":\"desktop:26px;\",\"line-height\":\"desktop:36px;\"}' ><h2 style=\"font-weight:normal;margin-bottom:15px;\">Mensaje del Se\u00f1or Presidente<\/h2><\/div><div class=\"uvc-heading-spacer line_only\" style=\"margin-bottom:60px;height:4px;\"><span class=\"uvc-headings-line\" style=\"border-style:solid;border-bottom-width:4px;border-color:#eeee22;width:100px;\"><\/span><\/div><\/div>[vc_row_inner][vc_column_inner width=&#8221;1\/2&#8243;][vc_single_image image=&#8221;2173&#8243; img_size=&#8221;200&#215;300&#8243; alignment=&#8221;center&#8221; css_animation=&#8221;fadeInLeft&#8221;]<div id=\"ultimate-heading-997069e23053af038\" class=\"uvc-heading ult-adjust-bottom-margin ultimate-heading-997069e23053af038 uvc-672 \" data-hspacer=\"no_spacer\"  data-halign=\"center\" style=\"text-align:center\"><div class=\"uvc-heading-spacer no_spacer\" style=\"top\"><\/div><div class=\"uvc-main-heading ult-responsive\"  data-ultimate-target='.uvc-heading.ultimate-heading-997069e23053af038 h2'  data-responsive-json-new='{\"font-size\":\"desktop:26px;\",\"line-height\":\"desktop:36px;\"}' ><h2 style=\"font-weight:normal;margin-bottom:5px;\">Mag\u00edster Jos\u00e9 Dar\u00edo Rocano<\/h2><\/div><div class=\"uvc-sub-heading ult-responsive\"  data-ultimate-target='.uvc-heading.ultimate-heading-997069e23053af038 .uvc-sub-heading '  data-responsive-json-new='{\"font-size\":\"\",\"line-height\":\"desktop:28px;\"}'  style=\"font-weight:normal;margin-bottom:20px;\">\n<p style=\"text-align: center;\"><em>Presidente parroquial<\/em><\/p>\n<\/div><\/div>[\/vc_column_inner][vc_column_inner width=&#8221;1\/2&#8243;][vc_empty_space height=&#8221;42px&#8221;][vc_column_text]\n<div><\/div>\n<div><\/div>\n<div><\/div>\n<blockquote>\n<h4>Un saludo fraterno a todo mi pueblo &#8230;&#8230;&#8230;&#8230;&#8230;&#8230;&#8230;&#8230;&#8230;&#8230;&#8230;&#8230;&#8230;&#8230;&#8230;&#8230;..<\/h4>\n<h4>Presidente del GAD Parroquial<\/h4>\n<\/blockquote>\n[\/vc_column_text][\/vc_column_inner][\/vc_row_inner][\/vc_column][\/vc_row]\n","protected":false},"excerpt":{"rendered":"<p>[vc_row][vc_column][vc_column_text] La Defensor\u00eda del Pueblo, con la finalidad de reconocer a las entidades que se encuentran obligadas a transparentar y garantizar el acceso a la informaci\u00f3n p\u00fablica, nos dio a conocer que el GAD permite contar con la Insignia anual de registro de catastro 2022, que debera ser incorporada en la p\u00e1gina web y las [&hellip;]<\/p>\n","protected":false},"author":6,"featured_media":0,"parent":0,"menu_order":0,"comment_status":"closed","ping_status":"open","template":"","meta":{"footnotes":""},"class_list":["post-2","page","type-page","status-publish","hentry"],"yoast_head":"<!-- This site is optimized with the Yoast SEO plugin v24.1 - https:\/\/yoast.com\/wordpress\/plugins\/seo\/ -->\n<title>P\u00e1gina Oficial del GAD El Cabo - GAD parroquial El Cabo<\/title>\n<meta name=\"robots\" content=\"index, follow, max-snippet:-1, max-image-preview:large, max-video-preview:-1\" \/>\n<link rel=\"canonical\" href=\"https:\/\/gadelcabo.gob.ec\/azuay\/\" \/>\n<meta property=\"og:locale\" content=\"es_ES\" \/>\n<meta property=\"og:type\" content=\"article\" \/>\n<meta property=\"og:title\" content=\"P\u00e1gina Oficial del GAD El Cabo - GAD parroquial El Cabo\" \/>\n<meta property=\"og:description\" content=\"[vc_row][vc_column][vc_column_text] La Defensor\u00eda del Pueblo, con la finalidad de reconocer a las entidades que se encuentran obligadas a transparentar y garantizar el acceso a la informaci\u00f3n p\u00fablica, nos dio a conocer que el GAD permite contar con la Insignia anual de registro de catastro 2022, que debera ser incorporada en la p\u00e1gina web y las [&hellip;]\" \/>\n<meta property=\"og:url\" content=\"https:\/\/gadelcabo.gob.ec\/azuay\/\" \/>\n<meta property=\"og:site_name\" content=\"GAD parroquial El Cabo\" \/>\n<meta property=\"article:modified_time\" content=\"2024-04-12T20:16:03+00:00\" \/>\n<meta property=\"og:image\" content=\"https:\/\/gadelcabo.gob.ec\/azuay\/wp-content\/uploads\/2023\/07\/WhatsApp-Image-2023-07-25-at-10.51.39.jpeg\" \/>\n<meta name=\"twitter:card\" content=\"summary_large_image\" \/>\n<meta name=\"twitter:label1\" content=\"Tiempo de lectura\" \/>\n\t<meta name=\"twitter:data1\" content=\"2 minutos\" \/>\n<script type=\"application\/ld+json\" class=\"yoast-schema-graph\">{\"@context\":\"https:\/\/schema.org\",\"@graph\":[{\"@type\":\"WebPage\",\"@id\":\"https:\/\/gadelcabo.gob.ec\/azuay\/\",\"url\":\"https:\/\/gadelcabo.gob.ec\/azuay\/\",\"name\":\"P\u00e1gina Oficial del GAD El Cabo - GAD parroquial El Cabo\",\"isPartOf\":{\"@id\":\"https:\/\/gadelcabo.gob.ec\/azuay\/#website\"},\"primaryImageOfPage\":{\"@id\":\"https:\/\/gadelcabo.gob.ec\/azuay\/#primaryimage\"},\"image\":{\"@id\":\"https:\/\/gadelcabo.gob.ec\/azuay\/#primaryimage\"},\"thumbnailUrl\":\"https:\/\/gadelcabo.gob.ec\/azuay\/wp-content\/uploads\/2023\/07\/WhatsApp-Image-2023-07-25-at-10.51.39.jpeg\",\"datePublished\":\"2014-10-23T16:44:16+00:00\",\"dateModified\":\"2024-04-12T20:16:03+00:00\",\"breadcrumb\":{\"@id\":\"https:\/\/gadelcabo.gob.ec\/azuay\/#breadcrumb\"},\"inLanguage\":\"es\",\"potentialAction\":[{\"@type\":\"ReadAction\",\"target\":[\"https:\/\/gadelcabo.gob.ec\/azuay\/\"]}]},{\"@type\":\"ImageObject\",\"inLanguage\":\"es\",\"@id\":\"https:\/\/gadelcabo.gob.ec\/azuay\/#primaryimage\",\"url\":\"https:\/\/gadelcabo.gob.ec\/azuay\/wp-content\/uploads\/2023\/07\/WhatsApp-Image-2023-07-25-at-10.51.39.jpeg\",\"contentUrl\":\"https:\/\/gadelcabo.gob.ec\/azuay\/wp-content\/uploads\/2023\/07\/WhatsApp-Image-2023-07-25-at-10.51.39.jpeg\"},{\"@type\":\"BreadcrumbList\",\"@id\":\"https:\/\/gadelcabo.gob.ec\/azuay\/#breadcrumb\",\"itemListElement\":[{\"@type\":\"ListItem\",\"position\":1,\"name\":\"Portada\",\"item\":\"https:\/\/gadelcabo.gob.ec\/azuay\/\"},{\"@type\":\"ListItem\",\"position\":2,\"name\":\"P\u00e1gina Oficial del GAD El Cabo\"}]},{\"@type\":\"WebSite\",\"@id\":\"https:\/\/gadelcabo.gob.ec\/azuay\/#website\",\"url\":\"https:\/\/gadelcabo.gob.ec\/azuay\/\",\"name\":\"GAD parroquial El Cabo\",\"description\":\"Sitio Oficial del GAD Parroquial El Cabo Azuay\",\"publisher\":{\"@id\":\"https:\/\/gadelcabo.gob.ec\/azuay\/#organization\"},\"potentialAction\":[{\"@type\":\"SearchAction\",\"target\":{\"@type\":\"EntryPoint\",\"urlTemplate\":\"https:\/\/gadelcabo.gob.ec\/azuay\/?s={search_term_string}\"},\"query-input\":{\"@type\":\"PropertyValueSpecification\",\"valueRequired\":true,\"valueName\":\"search_term_string\"}}],\"inLanguage\":\"es\"},{\"@type\":\"Organization\",\"@id\":\"https:\/\/gadelcabo.gob.ec\/azuay\/#organization\",\"name\":\"GAD parroquial de El Cabo\",\"url\":\"https:\/\/gadelcabo.gob.ec\/azuay\/\",\"logo\":{\"@type\":\"ImageObject\",\"inLanguage\":\"es\",\"@id\":\"https:\/\/gadelcabo.gob.ec\/azuay\/#\/schema\/logo\/image\/\",\"url\":\"https:\/\/gadelcabo.gob.ec\/azuay\/wp-content\/uploads\/2020\/06\/logoFooter.png\",\"contentUrl\":\"https:\/\/gadelcabo.gob.ec\/azuay\/wp-content\/uploads\/2020\/06\/logoFooter.png\",\"width\":200,\"height\":150,\"caption\":\"GAD parroquial de El Cabo\"},\"image\":{\"@id\":\"https:\/\/gadelcabo.gob.ec\/azuay\/#\/schema\/logo\/image\/\"}}]}<\/script>\n<!-- \/ Yoast SEO plugin. -->","yoast_head_json":{"title":"P\u00e1gina Oficial del GAD El Cabo - GAD parroquial El Cabo","robots":{"index":"index","follow":"follow","max-snippet":"max-snippet:-1","max-image-preview":"max-image-preview:large","max-video-preview":"max-video-preview:-1"},"canonical":"https:\/\/gadelcabo.gob.ec\/azuay\/","og_locale":"es_ES","og_type":"article","og_title":"P\u00e1gina Oficial del GAD El Cabo - GAD parroquial El Cabo","og_description":"[vc_row][vc_column][vc_column_text] La Defensor\u00eda del Pueblo, con la finalidad de reconocer a las entidades que se encuentran obligadas a transparentar y garantizar el acceso a la informaci\u00f3n p\u00fablica, nos dio a conocer que el GAD permite contar con la Insignia anual de registro de catastro 2022, que debera ser incorporada en la p\u00e1gina web y las [&hellip;]","og_url":"https:\/\/gadelcabo.gob.ec\/azuay\/","og_site_name":"GAD parroquial El Cabo","article_modified_time":"2024-04-12T20:16:03+00:00","og_image":[{"url":"https:\/\/gadelcabo.gob.ec\/azuay\/wp-content\/uploads\/2023\/07\/WhatsApp-Image-2023-07-25-at-10.51.39.jpeg","type":"","width":"","height":""}],"twitter_card":"summary_large_image","twitter_misc":{"Tiempo de lectura":"2 minutos"},"schema":{"@context":"https:\/\/schema.org","@graph":[{"@type":"WebPage","@id":"https:\/\/gadelcabo.gob.ec\/azuay\/","url":"https:\/\/gadelcabo.gob.ec\/azuay\/","name":"P\u00e1gina Oficial del GAD El Cabo - GAD parroquial El Cabo","isPartOf":{"@id":"https:\/\/gadelcabo.gob.ec\/azuay\/#website"},"primaryImageOfPage":{"@id":"https:\/\/gadelcabo.gob.ec\/azuay\/#primaryimage"},"image":{"@id":"https:\/\/gadelcabo.gob.ec\/azuay\/#primaryimage"},"thumbnailUrl":"https:\/\/gadelcabo.gob.ec\/azuay\/wp-content\/uploads\/2023\/07\/WhatsApp-Image-2023-07-25-at-10.51.39.jpeg","datePublished":"2014-10-23T16:44:16+00:00","dateModified":"2024-04-12T20:16:03+00:00","breadcrumb":{"@id":"https:\/\/gadelcabo.gob.ec\/azuay\/#breadcrumb"},"inLanguage":"es","potentialAction":[{"@type":"ReadAction","target":["https:\/\/gadelcabo.gob.ec\/azuay\/"]}]},{"@type":"ImageObject","inLanguage":"es","@id":"https:\/\/gadelcabo.gob.ec\/azuay\/#primaryimage","url":"https:\/\/gadelcabo.gob.ec\/azuay\/wp-content\/uploads\/2023\/07\/WhatsApp-Image-2023-07-25-at-10.51.39.jpeg","contentUrl":"https:\/\/gadelcabo.gob.ec\/azuay\/wp-content\/uploads\/2023\/07\/WhatsApp-Image-2023-07-25-at-10.51.39.jpeg"},{"@type":"BreadcrumbList","@id":"https:\/\/gadelcabo.gob.ec\/azuay\/#breadcrumb","itemListElement":[{"@type":"ListItem","position":1,"name":"Portada","item":"https:\/\/gadelcabo.gob.ec\/azuay\/"},{"@type":"ListItem","position":2,"name":"P\u00e1gina Oficial del GAD El Cabo"}]},{"@type":"WebSite","@id":"https:\/\/gadelcabo.gob.ec\/azuay\/#website","url":"https:\/\/gadelcabo.gob.ec\/azuay\/","name":"GAD parroquial El Cabo","description":"Sitio Oficial del GAD Parroquial El Cabo Azuay","publisher":{"@id":"https:\/\/gadelcabo.gob.ec\/azuay\/#organization"},"potentialAction":[{"@type":"SearchAction","target":{"@type":"EntryPoint","urlTemplate":"https:\/\/gadelcabo.gob.ec\/azuay\/?s={search_term_string}"},"query-input":{"@type":"PropertyValueSpecification","valueRequired":true,"valueName":"search_term_string"}}],"inLanguage":"es"},{"@type":"Organization","@id":"https:\/\/gadelcabo.gob.ec\/azuay\/#organization","name":"GAD parroquial de El Cabo","url":"https:\/\/gadelcabo.gob.ec\/azuay\/","logo":{"@type":"ImageObject","inLanguage":"es","@id":"https:\/\/gadelcabo.gob.ec\/azuay\/#\/schema\/logo\/image\/","url":"https:\/\/gadelcabo.gob.ec\/azuay\/wp-content\/uploads\/2020\/06\/logoFooter.png","contentUrl":"https:\/\/gadelcabo.gob.ec\/azuay\/wp-content\/uploads\/2020\/06\/logoFooter.png","width":200,"height":150,"caption":"GAD parroquial de El Cabo"},"image":{"@id":"https:\/\/gadelcabo.gob.ec\/azuay\/#\/schema\/logo\/image\/"}}]}},"_links":{"self":[{"href":"https:\/\/gadelcabo.gob.ec\/azuay\/wp-json\/wp\/v2\/pages\/2","targetHints":{"allow":["GET"]}}],"collection":[{"href":"https:\/\/gadelcabo.gob.ec\/azuay\/wp-json\/wp\/v2\/pages"}],"about":[{"href":"https:\/\/gadelcabo.gob.ec\/azuay\/wp-json\/wp\/v2\/types\/page"}],"author":[{"embeddable":true,"href":"https:\/\/gadelcabo.gob.ec\/azuay\/wp-json\/wp\/v2\/users\/6"}],"replies":[{"embeddable":true,"href":"https:\/\/gadelcabo.gob.ec\/azuay\/wp-json\/wp\/v2\/comments?post=2"}],"version-history":[{"count":12,"href":"https:\/\/gadelcabo.gob.ec\/azuay\/wp-json\/wp\/v2\/pages\/2\/revisions"}],"predecessor-version":[{"id":2278,"href":"https:\/\/gadelcabo.gob.ec\/azuay\/wp-json\/wp\/v2\/pages\/2\/revisions\/2278"}],"wp:attachment":[{"href":"https:\/\/gadelcabo.gob.ec\/azuay\/wp-json\/wp\/v2\/media?parent=2"}],"curies":[{"name":"wp","href":"https:\/\/api.w.org\/{rel}","templated":true}]}}